{"id":37993,"date":"2025-09-12T10:50:10","date_gmt":"2025-09-12T13:50:10","guid":{"rendered":"https:\/\/visandgo.com\/?page_id=37993"},"modified":"2026-02-24T19:13:54","modified_gmt":"2026-02-24T22:13:54","slug":"carpeta-check-total","status":"publish","type":"page","link":"https:\/\/visandgo.com\/en\/carpeta-check-total\/","title":{"rendered":"Carpeta Check Total"},"content":{"rendered":"<section class=\"section\" id=\"section_1561311958\">\n\t\t<div class=\"section-bg fill\" >\n\t\t\t\t\t\t\t\t\t\n\t\t\t\n\n\t\t<\/div>\n\n\t\t\n\n\t\t<div class=\"section-content relative\">\n\t\t\t\n<div class=\"row row-full-width align-center\"  id=\"row-1072658112\">\n\n\t<div id=\"col-1529134423\" class=\"col rounded-visaba medium-12 small-12 large-11\"  >\n\t\t\t\t<div class=\"col-inner\"  >\n\t\t\t\n\t\t\t\n\n  <div class=\"banner has-hover\" id=\"banner-1772276596\">\n          <div class=\"banner-inner fill\">\n        <div class=\"banner-bg fill\" >\n            <img loading=\"lazy\" decoding=\"async\" width=\"1298\" height=\"608\" src=\"https:\/\/visandgo.com\/wp-content\/uploads\/2025\/09\/Banner-Carpeta-Check-total-Visandgo-1.webp\" class=\"bg attachment-original size-original\" alt=\"\" \/>                        <div class=\"overlay\"><\/div>            \n                    <\/div>\n\t\t\n        <div class=\"banner-layers container\">\n            <div class=\"fill banner-link\"><\/div>            \n   <div id=\"text-box-532066710\" class=\"text-box banner-layer x95 md-x50 lg-x0 y50 md-y15 lg-y50 res-text\">\n                     <div data-animate=\"blurIn\">           <div class=\"text-box-content text dark text-shadow-3\">\n              \n              <div class=\"text-inner text-left\">\n                  \n\t<div id=\"text-2934727367\" class=\"text\">\n\t\t\n<h2>Carpeta Check Total Visandgo: tu cita consular sin errores<\/h2>\n\t\t\n<style>\n#text-2934727367 {\n  font-size: 0.85rem;\n  text-align: left;\n  color: rgb(248, 184, 1);\n}\n#text-2934727367 > * {\n  color: rgb(248, 184, 1);\n}\n@media (min-width:550px) {\n  #text-2934727367 {\n    font-size: 1.05rem;\n  }\n}\n@media (min-width:850px) {\n  #text-2934727367 {\n    font-size: 1.25rem;\n  }\n}\n<\/style>\n\t<\/div>\n\t\n\t<div id=\"text-858066622\" class=\"text\">\n\t\t\n<p>Este producto consiste en una revisi\u00f3n completa de tu carpeta, correcci\u00f3n de errores y relleno de formularios. Si faltan documentos, te diremos cuales son y c\u00f3mo conseguirlos. Inclu\u00edmos tips y gu\u00edas \u00fatiles para el d\u00eda de tu cita.<br \/>\n\t\t\n<style>\n#text-858066622 {\n  font-size: 1.1rem;\n  text-align: left;\n  color: rgb(255,255,255);\n}\n#text-858066622 > * {\n  color: rgb(255,255,255);\n}\n<\/style>\n\t<\/div>\n\t\n\t<div id=\"text-1535424926\" class=\"text\">\n\t\t\n<h3>Disponible por $340 USD \/ $340.000 CLP<\/h3>\n\t\t\n<style>\n#text-1535424926 {\n  font-size: 0.95rem;\n  text-align: left;\n  color: rgb(248, 184, 1);\n}\n#text-1535424926 > * {\n  color: rgb(248, 184, 1);\n}\n@media (min-width:550px) {\n  #text-1535424926 {\n    font-size: 1rem;\n  }\n}\n@media (min-width:850px) {\n  #text-1535424926 {\n    font-size: 1rem;\n  }\n}\n<\/style>\n\t<\/div>\n\t\n\t<div id=\"gap-468979510\" class=\"gap-element clearfix\" style=\"display:block; height:auto;\">\n\t\t\n<style>\n#gap-468979510 {\n  padding-top: 30px;\n}\n<\/style>\n\t<\/div>\n\t\n\n<p><a class=\"button add_to_cart_button ajax_add_to_cart btn-rounded8 btn-fixpadding\" href=\"\/en\/?add-to-cart=35099\" data-quantity=\"1\" data-product_id=\"35099\" aria-label=\"A\u00f1adir al carrito\"><br \/>\nA\u00d1ADIR AL CARRITO<br \/>\n<\/a><br \/>\n\n              <\/div>\n           <\/div>\n       <\/div>                     \n<style>\n#text-box-532066710 {\n  width: 89%;\n}\n#text-box-532066710 .text-box-content {\n  font-size: 100%;\n}\n@media (min-width:550px) {\n  #text-box-532066710 {\n    width: 81%;\n  }\n}\n@media (min-width:850px) {\n  #text-box-532066710 {\n    width: 71%;\n  }\n}\n<\/style>\n    <\/div>\n \n        <\/div>\n      <\/div>\n\n            \n<style>\n#banner-1772276596 {\n  padding-top: 767px;\n}\n#banner-1772276596 .overlay {\n  background-color: rgba(0, 0, 0, 0.349);\n}\n#banner-1772276596 .banner-bg img {\n  object-position: 55% 10%;\n}\n@media (min-width:550px) {\n  #banner-1772276596 {\n    padding-top: 612px;\n  }\n  #banner-1772276596 .overlay {\n    background-color: rgba(0, 0, 0, 0.349);\n  }\n}\n@media (min-width:850px) {\n  #banner-1772276596 {\n    padding-top: 610px;\n  }\n}\n<\/style>\n  <\/div>\n\n\n\t\t<\/div>\n\t\t\t\t\t<\/div>\n\n\t\n<\/div>\n\t\t<\/div>\n\n\t\t\n<style>\n#section_1561311958 {\n  padding-top: 30px;\n  padding-bottom: 30px;\n}\n<\/style>\n\t<\/section>\n\t\n\n\t<section class=\"section\" id=\"section_1136482410\">\n\t\t<div class=\"section-bg fill\" >\n\t\t\t\t\t\t\t\t\t\n\t\t\t\n\n\t\t<\/div>\n\n\t\t\n\n\t\t<div class=\"section-content relative\">\n\t\t\t\n<div class=\"row row-large row-full-width align-middle align-center\"  id=\"row-1854764461\">\n\n\t<div id=\"col-1435132032\" class=\"col medium-6 small-11 large-4\"  data-animate=\"fadeInLeft\">\n\t\t\t\t<div class=\"col-inner\"  >\n\t\t\t\n\t\t\t\n\t<div class=\"img has-hover x md-x lg-x y md-y lg-y\" id=\"image_1328386857\">\n\t\t\t\t\t\t\t\t<div class=\"img-inner dark\" >\n\t\t\t<img loading=\"lazy\" decoding=\"async\" width=\"527\" height=\"614\" src=\"https:\/\/visandgo.com\/wp-content\/uploads\/2025\/09\/Banner-Carpeta-Check-total-Visandgo-2.webp\" class=\"attachment-original size-original\" alt=\"\" srcset=\"https:\/\/visandgo.com\/wp-content\/uploads\/2025\/09\/Banner-Carpeta-Check-total-Visandgo-2.webp 527w, https:\/\/visandgo.com\/wp-content\/uploads\/2025\/09\/Banner-Carpeta-Check-total-Visandgo-2-257x300.webp 257w, https:\/\/visandgo.com\/wp-content\/uploads\/2025\/09\/Banner-Carpeta-Check-total-Visandgo-2-10x12.webp 10w, https:\/\/visandgo.com\/wp-content\/uploads\/2025\/09\/Banner-Carpeta-Check-total-Visandgo-2-510x594.webp 510w\" sizes=\"auto, (max-width: 527px) 100vw, 527px\" \/>\t\t\t\t\t\t\n\t\t\t\t\t<\/div>\n\t\t\t\t\t\t\t\t\n<style>\n#image_1328386857 {\n  width: 100%;\n}\n<\/style>\n\t<\/div>\n\t\n\t\t<\/div>\n\t\t\t\t\t<\/div>\n\n\t\n\n\t<div id=\"col-1920269351\" class=\"col medium-6 small-11 large-5\"  data-animate=\"fadeInRight\">\n\t\t\t\t<div class=\"col-inner\"  >\n\t\t\t\n\t\t\t\n\t<div id=\"text-2482553250\" class=\"text\">\n\t\t\n<h3>Carpeta Check Total Visandgo<\/h3>\n\t\t\n<style>\n#text-2482553250 {\n  font-size: 2.3rem;\n  line-height: 1.05;\n  color: rgb(240, 140, 32);\n}\n#text-2482553250 > * {\n  color: rgb(240, 140, 32);\n}\n@media (min-width:850px) {\n  #text-2482553250 {\n    font-size: 2.5rem;\n  }\n}\n<\/style>\n\t<\/div>\n\t\n\t<div class=\"img has-hover x md-x lg-x y md-y lg-y\" id=\"image_1757791196\">\n\t\t\t\t\t\t\t\t<div class=\"img-inner dark\" >\n\t\t\t<img loading=\"lazy\" decoding=\"async\" width=\"400\" height=\"71\" src=\"https:\/\/visandgo.com\/wp-content\/uploads\/2025\/09\/Group-1-1.png\" class=\"attachment-original size-original\" alt=\"\" srcset=\"https:\/\/visandgo.com\/wp-content\/uploads\/2025\/09\/Group-1-1.png 400w, https:\/\/visandgo.com\/wp-content\/uploads\/2025\/09\/Group-1-1-300x53.png 300w, https:\/\/visandgo.com\/wp-content\/uploads\/2025\/09\/Group-1-1-18x3.png 18w\" sizes=\"auto, (max-width: 400px) 100vw, 400px\" \/>\t\t\t\t\t\t\n\t\t\t\t\t<\/div>\n\t\t\t\t\t\t\t\t\n<style>\n#image_1757791196 {\n  width: 49%;\n}\n@media (min-width:550px) {\n  #image_1757791196 {\n    width: 29%;\n  }\n}\n<\/style>\n\t<\/div>\n\t\n\t<div id=\"gap-1771817631\" class=\"gap-element clearfix\" style=\"display:block; height:auto;\">\n\t\t\n<style>\n#gap-1771817631 {\n  padding-top: 10px;\n}\n@media (min-width:850px) {\n  #gap-1771817631 {\n    padding-top: 30px;\n  }\n}\n<\/style>\n\t<\/div>\n\t\n\t<div id=\"text-1082083947\" class=\"text\">\n\t\t\n<h3>Descripci\u00f3n del producto<\/h3>\n\t\t\n<style>\n#text-1082083947 {\n  font-size: 1.65rem;\n  line-height: 1.05;\n  color: rgb(119, 119, 119);\n}\n#text-1082083947 > * {\n  color: rgb(119, 119, 119);\n}\n<\/style>\n\t<\/div>\n\t\n\t<div id=\"text-4163082915\" class=\"text\">\n\t\t\n<p>La revisi\u00f3n m\u00e1s completa para tu expediente consular bajo la Ley de Memoria Democr\u00e1tica.<br \/>\n\t\t\n<style>\n#text-4163082915 {\n  font-size: 1.1rem;\n}\n<\/style>\n\t<\/div>\n\t\n<div class=\"row\"  id=\"row-1281615176\">\n\n\t<div id=\"col-1471650550\" class=\"col small-12 large-12\"  >\n\t\t\t\t<div class=\"col-inner text-left\"  >\n\t\t\t\n\t\t\t\n<div class=\"row\"  id=\"row-1804980409\">\n\n\t<div id=\"col-508310174\" class=\"col medium-10 small-12 large-10\"  >\n\t\t\t\t<div class=\"col-inner text-left\"  >\n\t\t\t\n\t\t\t\n\t<div id=\"text-1674153646\" class=\"text\">\n\t\t\n<h3>$340 USD \/ $340.000 CLP<\/h3>\n\t\t\n<style>\n#text-1674153646 {\n  font-size: 1.3rem;\n  line-height: 1.05;\n  color: rgb(240, 140, 32);\n}\n#text-1674153646 > * {\n  color: rgb(240, 140, 32);\n}\n@media (min-width:850px) {\n  #text-1674153646 {\n    font-size: 1.6rem;\n  }\n}\n<\/style>\n\t<\/div>\n\t\n\t<div id=\"gap-888437303\" class=\"gap-element clearfix\" style=\"display:block; height:auto;\">\n\t\t\n<style>\n#gap-888437303 {\n  padding-top: 10px;\n}\n<\/style>\n\t<\/div>\n\t\n\n<p><a class=\"button add_to_cart_button ajax_add_to_cart btn-rounded8 btn-fixpadding\" style=\"width: 100%;\" href=\"\/en\/?add-to-cart=35099\" data-quantity=\"1\" data-product_id=\"35099\" aria-label=\"A\u00f1adir al carrito\"><br \/>\nA\u00d1ADIR AL CARRITO<br \/>\n<\/a><br \/>\n\n\t\t<\/div>\n\t\t\t\t\t<\/div>\n\n\t\n<\/div>\n\t\t<\/div>\n\t\t\t\t\n<style>\n#col-1471650550 > .col-inner {\n  margin: 0px 0px -45px 0px;\n}\n<\/style>\n\t<\/div>\n\n\t\n<\/div>\n\t\t<\/div>\n\t\t\t\t\t<\/div>\n\n\t\n<\/div>\n\t\t<\/div>\n\n\t\t\n<style>\n#section_1136482410 {\n  padding-top: 30px;\n  padding-bottom: 30px;\n}\n<\/style>\n\t<\/section>\n\t\n\n\t<section class=\"section\" id=\"section_1216081581\">\n\t\t<div class=\"section-bg fill\" >\n\t\t\t\t\t\t\t\t\t\n\t\t\t\n\n\t\t<\/div>\n\n\t\t\n\n\t\t<div class=\"section-content relative\">\n\t\t\t\n<div class=\"row row-large row-full-width align-middle align-center\"  id=\"row-1636434691\">\n\n\t<div id=\"col-623853522\" class=\"col medium-6 small-11 large-5\"  data-animate=\"bounceInLeft\">\n\t\t\t\t<div class=\"col-inner\"  >\n\t\t\t\n\t\t\t\n\t<div id=\"text-738802842\" class=\"text\">\n\t\t\n<h3>Todo lo que necesitas para presentar seguro<\/h3>\n\t\t\n<style>\n#text-738802842 {\n  font-size: 2.3rem;\n  line-height: 1.05;\n  color: rgb(240, 140, 32);\n}\n#text-738802842 > * {\n  color: rgb(240, 140, 32);\n}\n@media (min-width:850px) {\n  #text-738802842 {\n    font-size: 2.5rem;\n  }\n}\n<\/style>\n\t<\/div>\n\t\n\t<div id=\"gap-1720896423\" class=\"gap-element clearfix\" style=\"display:block; height:auto;\">\n\t\t\n<style>\n#gap-1720896423 {\n  padding-top: 10px;\n}\n@media (min-width:850px) {\n  #gap-1720896423 {\n    padding-top: 30px;\n  }\n}\n<\/style>\n\t<\/div>\n\t\n<div class=\"row\"  id=\"row-653480986\">\n\n\t<div id=\"col-1492327553\" class=\"col small-12 large-12\"  >\n\t\t\t\t<div class=\"col-inner text-left\"  >\n\t\t\t\n\t\t\t\n<div class=\"row\"  id=\"row-1743147022\">\n\n\t<div id=\"col-543001708\" class=\"col medium-12 small-12 large-9\"  >\n\t\t\t\t<div class=\"col-inner text-left\"  >\n\t\t\t\n\t\t\t\n\n<ul class=\"features-list\">\n<li>Revisi\u00f3n completa del expediente antes de tu cita.<\/li>\n<li>Detecci\u00f3n de documentos faltantes y asesor\u00eda para conseguirlos.<\/li>\n<li>Correcci\u00f3n de errores en anexos y hoja declarativa.<\/li>\n<li>Consejos pr\u00e1cticos para que tu presentaci\u00f3n sea impecable.<\/li>\n<li class=\"is-negative\">No incluye la obtenci\u00f3n de documentaci\u00f3n.<\/li>\n<\/ul>\n\n\t\t<\/div>\n\t\t\t\t\t<\/div>\n\n\t\n<\/div>\n\t\t<\/div>\n\t\t\t\t\t<\/div>\n\n\t\n<\/div>\n\t\t<\/div>\n\t\t\t\t\t<\/div>\n\n\t\n\n\t<div id=\"col-1371393569\" class=\"col medium-6 small-11 large-4 small-col-first\"  data-animate=\"bounceInRight\">\n\t\t\t\t<div class=\"col-inner\"  >\n\t\t\t\n\t\t\t\n\t<div class=\"img has-hover x md-x lg-x y md-y lg-y\" id=\"image_2045728891\">\n\t\t\t\t\t\t\t\t<div class=\"img-inner dark\" >\n\t\t\t<img loading=\"lazy\" decoding=\"async\" width=\"495\" height=\"614\" src=\"https:\/\/visandgo.com\/wp-content\/uploads\/2025\/09\/Banner-Carpeta-Check-total-Visandgo-3.webp\" class=\"attachment-original size-original\" alt=\"\" srcset=\"https:\/\/visandgo.com\/wp-content\/uploads\/2025\/09\/Banner-Carpeta-Check-total-Visandgo-3.webp 495w, https:\/\/visandgo.com\/wp-content\/uploads\/2025\/09\/Banner-Carpeta-Check-total-Visandgo-3-242x300.webp 242w, https:\/\/visandgo.com\/wp-content\/uploads\/2025\/09\/Banner-Carpeta-Check-total-Visandgo-3-10x12.webp 10w\" sizes=\"auto, (max-width: 495px) 100vw, 495px\" \/>\t\t\t\t\t\t\n\t\t\t\t\t<\/div>\n\t\t\t\t\t\t\t\t\n<style>\n#image_2045728891 {\n  width: 100%;\n}\n<\/style>\n\t<\/div>\n\t\n\t\t<\/div>\n\t\t\t\t\t<\/div>\n\n\t\n<\/div>\n\t\t<\/div>\n\n\t\t\n<style>\n#section_1216081581 {\n  padding-top: 0px;\n  padding-bottom: 0px;\n}\n@media (min-width:550px) {\n  #section_1216081581 {\n    padding-top: 30px;\n    padding-bottom: 30px;\n  }\n}\n<\/style>\n\t<\/section>\n\t\n<div class=\"row row-full-width align-middle align-center\"  id=\"row-434628743\">\n\n\t<div id=\"col-1401082178\" class=\"col rounded-visaba5 medium-5 small-12 large-5\"  data-animate=\"fadeInUp\">\n\t\t\t\t<div class=\"col-inner\"  >\n\t\t\t\n\t\t\t\n\n  <div class=\"banner has-hover\" id=\"banner-682559915\">\n          <div class=\"banner-inner fill\">\n        <div class=\"banner-bg fill\" >\n                                                \n                    <\/div>\n\t\t\n        <div class=\"banner-layers container\">\n            <div class=\"fill banner-link\"><\/div>            \n   <div id=\"text-box-1725711490\" class=\"text-box banner-layer x50 md-x50 lg-x50 y50 md-y50 lg-y50 res-text\">\n                                <div class=\"text-box-content text dark\">\n              \n              <div class=\"text-inner text-center\">\n                  \n\t<div id=\"text-2660217894\" class=\"text\">\n\t\t\n<h3>\u00bfSabes qui\u00e9nes son tus antepasados?<\/h3>\n\t\t\n<style>\n#text-2660217894 {\n  font-size: 1rem;\n  text-align: center;\n}\n@media (min-width:550px) {\n  #text-2660217894 {\n    font-size: 1.1rem;\n  }\n}\n@media (min-width:850px) {\n  #text-2660217894 {\n    font-size: 1.3rem;\n  }\n}\n<\/style>\n\t<\/div>\n\t\n              <\/div>\n           <\/div>\n                            \n<style>\n#text-box-1725711490 {\n  width: 89%;\n}\n#text-box-1725711490 .text-box-content {\n  font-size: 100%;\n}\n@media (min-width:550px) {\n  #text-box-1725711490 {\n    width: 85%;\n  }\n}\n@media (min-width:850px) {\n  #text-box-1725711490 {\n    width: 73%;\n  }\n}\n<\/style>\n    <\/div>\n \n        <\/div>\n      <\/div>\n\n            \n<style>\n#banner-682559915 {\n  padding-top: 302px;\n  background-color: rgb(84, 159, 159);\n}\n<\/style>\n  <\/div>\n\n\n\t\t<\/div>\n\t\t\t\t\t<\/div>\n\n\t\n\n\t<div id=\"col-2042017508\" class=\"col medium-6 small-11 large-4\"  data-animate=\"fadeInUp\">\n\t\t\t\t<div class=\"col-inner text-left\"  >\n\t\t\t\n\t\t\t\n\t<div id=\"text-3469465058\" class=\"text\">\n\t\t\n<p>El consulado revisa cada detalle. Nosotros lo hacemos antes por ti. Con Carpeta Check Total tendr\u00e1s la tranquilidad de que tu expediente cumple con los requisitos de la Ley de Memoria Democr\u00e1tica<br \/>\n\t\t\n<style>\n#text-3469465058 {\n  font-size: 1.5rem;\n  line-height: 1.2;\n  text-align: left;\n}\n@media (min-width:550px) {\n  #text-3469465058 {\n    font-size: 2rem;\n  }\n}\n@media (min-width:850px) {\n  #text-3469465058 {\n    font-size: 1.95rem;\n  }\n}\n<\/style>\n\t<\/div>\n\t\n\t\t<\/div>\n\t\t\t\t\n<style>\n#col-2042017508 > .col-inner {\n  margin: 0px 0px -45px 0px;\n}\n@media (min-width:550px) {\n  #col-2042017508 > .col-inner {\n    margin: 0px 0px 0px 0px;\n  }\n}\n@media (min-width:850px) {\n  #col-2042017508 > .col-inner {\n    margin: 0px 0px 0px 20px;\n  }\n}\n<\/style>\n\t<\/div>\n\n\t\n<\/div>\n\n\t<section class=\"section\" id=\"section_917270256\">\n\t\t<div class=\"section-bg fill\" >\n\t\t\t\t\t\t\t\t\t\n\t\t\t\n\n\t\t<\/div>\n\n\t\t\n\n\t\t<div class=\"section-content relative\">\n\t\t\t\n<div class=\"row row-full-width align-center\"  id=\"row-783251647\">\n\n\t<div id=\"col-296833298\" class=\"col medium-12 small-12 large-11\"  >\n\t\t\t\t<div class=\"col-inner\"  >\n\t\t\t\n\t\t\t\n\n  <div class=\"banner has-hover rounded-banner\" id=\"banner-467298722\">\n          <div class=\"banner-inner fill\">\n        <div class=\"banner-bg fill\" >\n            <img loading=\"lazy\" decoding=\"async\" width=\"1298\" height=\"608\" src=\"https:\/\/visandgo.com\/wp-content\/uploads\/2025\/09\/Banner-Carpeta-Check-total-Visandgo-1.webp\" class=\"bg attachment-original size-original\" alt=\"\" \/>                        <div class=\"overlay\"><\/div>            \n                    <\/div>\n\t\t\n        <div class=\"banner-layers container\">\n            <div class=\"fill banner-link\"><\/div>            \n   <div id=\"text-box-1714993138\" class=\"text-box banner-layer x95 md-x50 lg-x50 y50 md-y15 lg-y50 res-text\">\n                     <div data-animate=\"blurIn\">           <div class=\"text-box-content text dark text-shadow-3\">\n              \n              <div class=\"text-inner text-center\">\n                  \n\t<div id=\"text-3742334473\" class=\"text\">\n\t\t\n<h2>No dejes tu cita consular al azar. Revisa tu carpeta hoy mismo y presenta con confianza.<\/h2>\n\t\t\n<style>\n#text-3742334473 {\n  font-size: 0.85rem;\n  text-align: center;\n  color: rgb(255,255,255);\n}\n#text-3742334473 > * {\n  color: rgb(255,255,255);\n}\n@media (min-width:550px) {\n  #text-3742334473 {\n    font-size: 1.05rem;\n  }\n}\n@media (min-width:850px) {\n  #text-3742334473 {\n    font-size: 1.25rem;\n  }\n}\n<\/style>\n\t<\/div>\n\t\n\t<div id=\"text-1229861203\" class=\"text\">\n\t\t\n<h3>Disponible por $340 USD \/ $340.000 CLP<\/h3>\n\t\t\n<style>\n#text-1229861203 {\n  font-size: 0.95rem;\n  text-align: center;\n  color: rgb(248, 184, 1);\n}\n#text-1229861203 > * {\n  color: rgb(248, 184, 1);\n}\n@media (min-width:550px) {\n  #text-1229861203 {\n    font-size: 1rem;\n  }\n}\n@media (min-width:850px) {\n  #text-1229861203 {\n    font-size: 1rem;\n  }\n}\n<\/style>\n\t<\/div>\n\t\n\t<div id=\"gap-861700876\" class=\"gap-element clearfix\" style=\"display:block; height:auto;\">\n\t\t\n<style>\n#gap-861700876 {\n  padding-top: 30px;\n}\n<\/style>\n\t<\/div>\n\t\n<div class=\"row\"  id=\"row-216332417\">\n\n\t<div id=\"col-1694363802\" class=\"col medium-5 small-12 large-5\"  >\n\t\t\t\t<div class=\"col-inner\"  >\n\t\t\t\n\t\t\t\n\n<p><a class=\"button add_to_cart_button ajax_add_to_cart btn-rounded8 btn-fixpadding\" style=\"width: 100%;\" href=\"\/en\/?add-to-cart=35099\" data-quantity=\"1\" data-product_id=\"35099\" aria-label=\"A\u00f1adir al carrito\"><br \/>\nA\u00d1ADIR AL CARRITO<br \/>\n<\/a><br \/>\n\n\t\t<\/div>\n\t\t\t\t\t<\/div>\n\n\t\n<\/div>\n              <\/div>\n           <\/div>\n       <\/div>                     \n<style>\n#text-box-1714993138 {\n  width: 89%;\n}\n#text-box-1714993138 .text-box-content {\n  font-size: 100%;\n}\n@media (min-width:550px) {\n  #text-box-1714993138 {\n    width: 81%;\n  }\n}\n@media (min-width:850px) {\n  #text-box-1714993138 {\n    width: 86%;\n  }\n}\n<\/style>\n    <\/div>\n \n        <\/div>\n      <\/div>\n\n            \n<style>\n#banner-467298722 {\n  padding-top: 600px;\n}\n#banner-467298722 .overlay {\n  background-color: rgba(0, 0, 0, 0.349);\n}\n#banner-467298722 .banner-bg img {\n  object-position: 55% 10%;\n}\n@media (min-width:550px) {\n  #banner-467298722 {\n    padding-top: 612px;\n  }\n  #banner-467298722 .overlay {\n    background-color: rgba(0, 0, 0, 0.349);\n  }\n}\n@media (min-width:850px) {\n  #banner-467298722 {\n    padding-top: 610px;\n  }\n}\n<\/style>\n  <\/div>\n\n\n\t\t<\/div>\n\t\t\t\t\t<\/div>\n\n\t\n<\/div>\n\t\t<\/div>\n\n\t\t\n<style>\n#section_917270256 {\n  padding-top: 60px;\n  padding-bottom: 60px;\n}\n<\/style>\n\t<\/section>","protected":false},"excerpt":{"rendered":"","protected":false},"author":1574,"featured_media":0,"parent":0,"menu_order":0,"comment_status":"closed","ping_status":"closed","template":"page-blank.php","meta":{"footnotes":""},"class_list":["post-37993","page","type-page","status-publish","hentry"],"yoast_head":"<!-- This site is optimized with the Yoast SEO plugin v27.4 - https:\/\/yoast.com\/product\/yoast-seo-wordpress\/ -->\n<title>Carpeta Check Total - Visa and Go<\/title>\n<meta name=\"robots\" content=\"index, follow, max-snippet:-1, max-image-preview:large, max-video-preview:-1\" \/>\n<link rel=\"canonical\" href=\"https:\/\/visandgo.com\/en\/carpeta-check-total\/\" \/>\n<meta property=\"og:locale\" content=\"en_US\" \/>\n<meta property=\"og:type\" content=\"article\" \/>\n<meta property=\"og:title\" content=\"Carpeta Check Total - Visa and Go\" \/>\n<meta property=\"og:url\" content=\"https:\/\/visandgo.com\/en\/carpeta-check-total\/\" \/>\n<meta property=\"og:site_name\" content=\"Visa and Go\" \/>\n<meta property=\"article:modified_time\" content=\"2026-02-24T22:13:54+00:00\" \/>\n<meta name=\"twitter:card\" content=\"summary_large_image\" \/>\n<meta name=\"twitter:label1\" content=\"Est. reading time\" \/>\n\t<meta name=\"twitter:data1\" content=\"3 minutes\" \/>\n<script type=\"application\/ld+json\" class=\"yoast-schema-graph\">{\"@context\":\"https:\\\/\\\/schema.org\",\"@graph\":[{\"@type\":\"WebPage\",\"@id\":\"https:\\\/\\\/visandgo.com\\\/carpeta-check-total\\\/\",\"url\":\"https:\\\/\\\/visandgo.com\\\/carpeta-check-total\\\/\",\"name\":\"Carpeta Check Total - Visa and Go\",\"isPartOf\":{\"@id\":\"https:\\\/\\\/visandgo.com\\\/#website\"},\"datePublished\":\"2025-09-12T13:50:10+00:00\",\"dateModified\":\"2026-02-24T22:13:54+00:00\",\"breadcrumb\":{\"@id\":\"https:\\\/\\\/visandgo.com\\\/carpeta-check-total\\\/#breadcrumb\"},\"inLanguage\":\"en-US\",\"potentialAction\":[{\"@type\":\"ReadAction\",\"target\":[\"https:\\\/\\\/visandgo.com\\\/carpeta-check-total\\\/\"]}]},{\"@type\":\"BreadcrumbList\",\"@id\":\"https:\\\/\\\/visandgo.com\\\/carpeta-check-total\\\/#breadcrumb\",\"itemListElement\":[{\"@type\":\"ListItem\",\"position\":1,\"name\":\"Portada\",\"item\":\"https:\\\/\\\/visandgo.com\\\/\"},{\"@type\":\"ListItem\",\"position\":2,\"name\":\"Carpeta Check Total\"}]},{\"@type\":\"WebSite\",\"@id\":\"https:\\\/\\\/visandgo.com\\\/#website\",\"url\":\"https:\\\/\\\/visandgo.com\\\/\",\"name\":\"Visa and Go\",\"description\":\"Soluciones de movilidad Internacional\",\"publisher\":{\"@id\":\"https:\\\/\\\/visandgo.com\\\/#organization\"},\"potentialAction\":[{\"@type\":\"SearchAction\",\"target\":{\"@type\":\"EntryPoint\",\"urlTemplate\":\"https:\\\/\\\/visandgo.com\\\/?s={search_term_string}\"},\"query-input\":{\"@type\":\"PropertyValueSpecification\",\"valueRequired\":true,\"valueName\":\"search_term_string\"}}],\"inLanguage\":\"en-US\"},{\"@type\":\"Organization\",\"@id\":\"https:\\\/\\\/visandgo.com\\\/#organization\",\"name\":\"Visa and Go\",\"url\":\"https:\\\/\\\/visandgo.com\\\/\",\"logo\":{\"@type\":\"ImageObject\",\"inLanguage\":\"en-US\",\"@id\":\"https:\\\/\\\/visandgo.com\\\/#\\\/schema\\\/logo\\\/image\\\/\",\"url\":\"https:\\\/\\\/visandgo.com\\\/wp-content\\\/uploads\\\/2021\\\/04\\\/Orange.png\",\"contentUrl\":\"https:\\\/\\\/visandgo.com\\\/wp-content\\\/uploads\\\/2021\\\/04\\\/Orange.png\",\"width\":740,\"height\":216,\"caption\":\"Visa and Go\"},\"image\":{\"@id\":\"https:\\\/\\\/visandgo.com\\\/#\\\/schema\\\/logo\\\/image\\\/\"}}]}<\/script>\n<!-- \/ Yoast SEO plugin. -->","yoast_head_json":{"title":"Carpeta Check Total - Visa and Go","robots":{"index":"index","follow":"follow","max-snippet":"max-snippet:-1","max-image-preview":"max-image-preview:large","max-video-preview":"max-video-preview:-1"},"canonical":"https:\/\/visandgo.com\/en\/carpeta-check-total\/","og_locale":"en_US","og_type":"article","og_title":"Carpeta Check Total - Visa and Go","og_url":"https:\/\/visandgo.com\/en\/carpeta-check-total\/","og_site_name":"Visa and Go","article_modified_time":"2026-02-24T22:13:54+00:00","twitter_card":"summary_large_image","twitter_misc":{"Est. reading time":"3 minutes"},"schema":{"@context":"https:\/\/schema.org","@graph":[{"@type":"WebPage","@id":"https:\/\/visandgo.com\/carpeta-check-total\/","url":"https:\/\/visandgo.com\/carpeta-check-total\/","name":"Carpeta Check Total - Visa and Go","isPartOf":{"@id":"https:\/\/visandgo.com\/#website"},"datePublished":"2025-09-12T13:50:10+00:00","dateModified":"2026-02-24T22:13:54+00:00","breadcrumb":{"@id":"https:\/\/visandgo.com\/carpeta-check-total\/#breadcrumb"},"inLanguage":"en-US","potentialAction":[{"@type":"ReadAction","target":["https:\/\/visandgo.com\/carpeta-check-total\/"]}]},{"@type":"BreadcrumbList","@id":"https:\/\/visandgo.com\/carpeta-check-total\/#breadcrumb","itemListElement":[{"@type":"ListItem","position":1,"name":"Portada","item":"https:\/\/visandgo.com\/"},{"@type":"ListItem","position":2,"name":"Carpeta Check Total"}]},{"@type":"WebSite","@id":"https:\/\/visandgo.com\/#website","url":"https:\/\/visandgo.com\/","name":"Visa and Go","description":"Soluciones de movilidad Internacional","publisher":{"@id":"https:\/\/visandgo.com\/#organization"},"potentialAction":[{"@type":"SearchAction","target":{"@type":"EntryPoint","urlTemplate":"https:\/\/visandgo.com\/?s={search_term_string}"},"query-input":{"@type":"PropertyValueSpecification","valueRequired":true,"valueName":"search_term_string"}}],"inLanguage":"en-US"},{"@type":"Organization","@id":"https:\/\/visandgo.com\/#organization","name":"Visa and Go","url":"https:\/\/visandgo.com\/","logo":{"@type":"ImageObject","inLanguage":"en-US","@id":"https:\/\/visandgo.com\/#\/schema\/logo\/image\/","url":"https:\/\/visandgo.com\/wp-content\/uploads\/2021\/04\/Orange.png","contentUrl":"https:\/\/visandgo.com\/wp-content\/uploads\/2021\/04\/Orange.png","width":740,"height":216,"caption":"Visa and Go"},"image":{"@id":"https:\/\/visandgo.com\/#\/schema\/logo\/image\/"}}]}},"_links":{"self":[{"href":"https:\/\/visandgo.com\/en\/wp-json\/wp\/v2\/pages\/37993","targetHints":{"allow":["GET"]}}],"collection":[{"href":"https:\/\/visandgo.com\/en\/wp-json\/wp\/v2\/pages"}],"about":[{"href":"https:\/\/visandgo.com\/en\/wp-json\/wp\/v2\/types\/page"}],"author":[{"embeddable":true,"href":"https:\/\/visandgo.com\/en\/wp-json\/wp\/v2\/users\/1574"}],"replies":[{"embeddable":true,"href":"https:\/\/visandgo.com\/en\/wp-json\/wp\/v2\/comments?post=37993"}],"version-history":[{"count":73,"href":"https:\/\/visandgo.com\/en\/wp-json\/wp\/v2\/pages\/37993\/revisions"}],"predecessor-version":[{"id":39298,"href":"https:\/\/visandgo.com\/en\/wp-json\/wp\/v2\/pages\/37993\/revisions\/39298"}],"wp:attachment":[{"href":"https:\/\/visandgo.com\/en\/wp-json\/wp\/v2\/media?parent=37993"}],"curies":[{"name":"wp","href":"https:\/\/api.w.org\/{rel}","templated":true}]}}