{"id":37268,"date":"2025-08-06T23:10:16","date_gmt":"2025-08-07T03:10:16","guid":{"rendered":"https:\/\/visandgo.com\/?page_id=37268"},"modified":"2026-01-09T12:57:50","modified_gmt":"2026-01-09T15:57:50","slug":"nacionalidad-francia","status":"publish","type":"page","link":"https:\/\/visandgo.com\/en\/nacionalidad-francia\/","title":{"rendered":"French Citizenship"},"content":{"rendered":"<section class=\"section\" id=\"section_1598068721\">\n\t\t<div class=\"section-bg fill\" >\n\t\t\t\t\t\t\t\t\t\n\t\t\t\n\n\t\t<\/div>\n\n\t\t\n\n\t\t<div class=\"section-content relative\">\n\t\t\t\n  <div id=\"page-header-1049585553\" class=\"page-header-wrapper\">\n  <div class=\"page-title light simple-title\">\n\n    \n    <div class=\"page-title-inner container align-center flex-row medium-flex-wrap\" >\n              <div class=\"title-wrapper flex-col text-left medium-text-center\">\n          <h1 class=\"entry-title mb-0\">\n            French Citizenship          <\/h1>\n        <\/div>\n                    <div class=\"title-content flex-col flex-right text-right medium-text-center\">\n              <\/div>\n    <\/div>\n\n       <\/div>\n    <\/div>\n  \n\t<div id=\"gap-1277755788\" class=\"gap-element clearfix\" style=\"display:block; height:auto;\">\n\t\t\n<style>\n#gap-1277755788 {\n  padding-top: 30px;\n}\n<\/style>\n\t<\/div>\n\t\n<div class=\"row row-full-width align-middle align-center\"  id=\"row-1040251003\">\n\n\t<div id=\"col-2083399489\" class=\"col rounded-visaba medium-5 small-12 large-3\"  data-animate=\"bounceInLeft\">\n\t\t\t\t<div class=\"col-inner\"  >\n\t\t\t\n\t\t\t\n\n  <div class=\"banner has-hover bg-overlay-remove\" id=\"banner-1431866246\">\n          <div class=\"banner-inner fill\">\n        <div class=\"banner-bg fill\" >\n            <img loading=\"lazy\" decoding=\"async\" width=\"745\" height=\"497\" src=\"https:\/\/visandgo.com\/wp-content\/uploads\/2025\/07\/FRANCIA.webp\" class=\"bg attachment-original size-original\" alt=\"\" \/>                        <div class=\"overlay\"><\/div>            \n                    <\/div>\n\t\t\n        <div class=\"banner-layers container\">\n            <div class=\"fill banner-link\"><\/div>            \n   <div id=\"text-box-633917768\" class=\"text-box banner-layer x50 md-x50 lg-x50 y50 md-y50 lg-y50 res-text\">\n                     <div data-animate=\"blurIn\">           <div class=\"text-box-content text dark text-shadow-2\">\n              \n              <div class=\"text-inner text-center\">\n                  \n\t<div id=\"text-4154036676\" class=\"text\">\n\t\t\n<h3><strong>Francia<\/strong><\/h3>\n\t\t\n<style>\n#text-4154036676 {\n  font-size: 2rem;\n  text-align: center;\n  color: rgb(255,255,255);\n}\n#text-4154036676 > * {\n  color: rgb(255,255,255);\n}\n@media (min-width:550px) {\n  #text-4154036676 {\n    font-size: 2rem;\n  }\n}\n@media (min-width:850px) {\n  #text-4154036676 {\n    font-size: 2.2rem;\n    text-align: center;\n  }\n}\n<\/style>\n\t<\/div>\n\t\n              <\/div>\n           <\/div>\n       <\/div>                     \n<style>\n#text-box-633917768 {\n  width: 93%;\n}\n#text-box-633917768 .text-box-content {\n  font-size: 100%;\n}\n@media (min-width:550px) {\n  #text-box-633917768 {\n    width: 81%;\n  }\n}\n@media (min-width:850px) {\n  #text-box-633917768 {\n    width: 97%;\n  }\n}\n<\/style>\n    <\/div>\n \n        <\/div>\n      <\/div>\n\n            \n<style>\n#banner-1431866246 {\n  padding-top: 338px;\n}\n#banner-1431866246 .overlay {\n  background-color: rgba(0, 0, 0, 0.041);\n}\n#banner-1431866246 .banner-bg img {\n  object-position: 28% 38%;\n}\n@media (min-width:550px) {\n  #banner-1431866246 {\n    padding-top: 371px;\n  }\n  #banner-1431866246 .overlay {\n    background-color: rgba(21, 80, 131, 0.372);\n  }\n}\n@media (min-width:850px) {\n  #banner-1431866246 {\n    padding-top: 368px;\n  }\n}\n<\/style>\n  <\/div>\n\n\n\t\t<\/div>\n\t\t\t\t\n<style>\n#col-2083399489 > .col-inner {\n  margin: 0px 0px 0px 0px;\n}\n@media (min-width:850px) {\n  #col-2083399489 > .col-inner {\n    margin: 20px 0px 0px 0px;\n  }\n}\n<\/style>\n\t<\/div>\n\n\t\n\n\t<div id=\"col-776725297\" class=\"col hide-for-medium medium-1 small-12 large-1\"  >\n\t\t\t\t<div class=\"col-inner\"  >\n\t\t\t\n\t\t\t\n<div class=\"text-center\"><div class=\"is-divider divider clearfix\" style=\"max-width:2px;height:350px;background-color:rgb(0, 0, 0);\"><\/div><\/div>\n\t\t<\/div>\n\t\t\t\t\t<\/div>\n\n\t\n\n\t<div id=\"col-1353765356\" class=\"col medium-6 small-12 large-4\"  data-animate=\"fadeInRight\">\n\t\t\t\t<div class=\"col-inner\"  >\n\t\t\t\n\t\t\t\n<h3>Descendencia:<\/h3>\n<p><span style=\"font-weight: 400;\">Este servicio est\u00e1 orientado a aquellos descendientes de ciudadanos franceses que no incurrieron en desuso de su nacionalidad (se produce, entre otras cosas, transcurridos los 40 a\u00f1os desde el fallecimiento del franc\u00e9s). No se requiere que<\/span><\/p>\n<p><span style=\"font-weight: 400;\">otros antepasados hayan tramitado la nacionalidad para que el interesado active su tr\u00e1mite.<\/span><\/p>\n<h3>For Minors<\/h3>\n<p><span style=\"font-weight: 400;\">Este servicio est\u00e1 orientado a quienes tengan la nacionalidad francesa y sean padres de un menor de edad, con efectos de poder gestionar la inscripci\u00f3n del menor en el registro competente, traspas\u00e1ndole as\u00ed la nacionalidad francesa.<\/span><\/p>\n\t\t<\/div>\n\t\t\t\t\t<\/div>\n\n\t\n<\/div>\n\t\t<\/div>\n\n\t\t\n<style>\n#section_1598068721 {\n  padding-top: 30px;\n  padding-bottom: 30px;\n}\n<\/style>\n\t<\/section>\n\t\n\n\t<section class=\"section\" id=\"section_1877312571\">\n\t\t<div class=\"section-bg fill\" >\n\t\t\t\t\t\t\t\t\t\n\t\t\t\n\n\t\t<\/div>\n\n\t\t\n\n\t\t<div class=\"section-content relative\">\n\t\t\t\n<div class=\"row row-full-width align-middle align-center\"  id=\"row-408640118\">\n\n\t<div id=\"col-1293516529\" class=\"col medium-7 small-12 large-6\"  >\n\t\t\t\t<div class=\"col-inner\"  >\n\t\t\t\n\t\t\t\n\t<div id=\"text-633378905\" class=\"text\">\n\t\t\n<h3><strong>\u00bfLO VEMOS JUNTOS?<\/strong><\/h3>\n\t\t\n<style>\n#text-633378905 {\n  font-size: 2.05rem;\n  text-align: center;\n  color: #f8b801;\n}\n#text-633378905 > * {\n  color: #f8b801;\n}\n@media (min-width:550px) {\n  #text-633378905 {\n    font-size: 2.15rem;\n  }\n}\n@media (min-width:850px) {\n  #text-633378905 {\n    font-size: 3.15rem;\n  }\n}\n<\/style>\n\t<\/div>\n\t\n\t\t<\/div>\n\t\t\t\t\t<\/div>\n\n\t\n\n\t<div id=\"col-240286445\" class=\"col medium-4 small-12 large-4\"  >\n\t\t\t\t<div class=\"col-inner text-left\"  >\n\t\t\t\n\t\t\t\n<a href=\"https:\/\/visandgo.com\/en\/agendar-paso-dos\/\" class=\"button primary is-xlarge buttonverde hide-for-small\" style=\"border-radius:10px;padding:0px 60px 0px 60px;\">\n\t\t<span>CONSULTA Y AGENDA<\/span>\n\t<\/a>\n\n<a href=\"https:\/\/visandgo.com\/en\/agendar-paso-dos\/\" class=\"button primary is-larger buttonverde show-for-small\" style=\"border-radius:10px;padding:0px 60px 0px 60px;\">\n\t\t<span>CONSULTA Y AGENDA<\/span>\n\t<\/a>\n\n\t\t<\/div>\n\t\t\t\t\t<\/div>\n\n\t\n<\/div>\n\t\t<\/div>\n\n\t\t\n<style>\n#section_1877312571 {\n  padding-top: 10px;\n  padding-bottom: 10px;\n}\n@media (min-width:550px) {\n  #section_1877312571 {\n    padding-top: 30px;\n    padding-bottom: 30px;\n  }\n}\n<\/style>\n\t<\/section>","protected":false},"excerpt":{"rendered":"","protected":false},"author":1574,"featured_media":0,"parent":0,"menu_order":0,"comment_status":"closed","ping_status":"closed","template":"page-blank.php","meta":{"footnotes":""},"class_list":["post-37268","page","type-page","status-publish","hentry"],"yoast_head":"<!-- This site is optimized with the Yoast SEO plugin v27.4 - https:\/\/yoast.com\/product\/yoast-seo-wordpress\/ -->\n<title>Nacionalidad - Francia - Visa and Go<\/title>\n<meta name=\"robots\" content=\"index, follow, max-snippet:-1, max-image-preview:large, max-video-preview:-1\" \/>\n<link rel=\"canonical\" href=\"https:\/\/visandgo.com\/en\/nacionalidad-francia\/\" \/>\n<meta property=\"og:locale\" content=\"en_US\" \/>\n<meta property=\"og:type\" content=\"article\" \/>\n<meta property=\"og:title\" content=\"Nacionalidad - Francia - Visa and Go\" \/>\n<meta property=\"og:url\" content=\"https:\/\/visandgo.com\/en\/nacionalidad-francia\/\" \/>\n<meta property=\"og:site_name\" content=\"Visa and Go\" \/>\n<meta property=\"article:modified_time\" content=\"2026-01-09T15:57:50+00:00\" \/>\n<meta name=\"twitter:card\" content=\"summary_large_image\" \/>\n<meta name=\"twitter:label1\" content=\"Est. reading time\" \/>\n\t<meta name=\"twitter:data1\" content=\"1 minute\" \/>\n<script type=\"application\/ld+json\" class=\"yoast-schema-graph\">{\"@context\":\"https:\\\/\\\/schema.org\",\"@graph\":[{\"@type\":\"WebPage\",\"@id\":\"https:\\\/\\\/visandgo.com\\\/nacionalidad-francia\\\/\",\"url\":\"https:\\\/\\\/visandgo.com\\\/nacionalidad-francia\\\/\",\"name\":\"Nacionalidad - Francia - Visa and Go\",\"isPartOf\":{\"@id\":\"https:\\\/\\\/visandgo.com\\\/#website\"},\"datePublished\":\"2025-08-07T03:10:16+00:00\",\"dateModified\":\"2026-01-09T15:57:50+00:00\",\"breadcrumb\":{\"@id\":\"https:\\\/\\\/visandgo.com\\\/nacionalidad-francia\\\/#breadcrumb\"},\"inLanguage\":\"en-US\",\"potentialAction\":[{\"@type\":\"ReadAction\",\"target\":[\"https:\\\/\\\/visandgo.com\\\/nacionalidad-francia\\\/\"]}]},{\"@type\":\"BreadcrumbList\",\"@id\":\"https:\\\/\\\/visandgo.com\\\/nacionalidad-francia\\\/#breadcrumb\",\"itemListElement\":[{\"@type\":\"ListItem\",\"position\":1,\"name\":\"Portada\",\"item\":\"https:\\\/\\\/visandgo.com\\\/\"},{\"@type\":\"ListItem\",\"position\":2,\"name\":\"Nacionalidad &#8211; Francia\"}]},{\"@type\":\"WebSite\",\"@id\":\"https:\\\/\\\/visandgo.com\\\/#website\",\"url\":\"https:\\\/\\\/visandgo.com\\\/\",\"name\":\"Visa and Go\",\"description\":\"Soluciones de movilidad Internacional\",\"publisher\":{\"@id\":\"https:\\\/\\\/visandgo.com\\\/#organization\"},\"potentialAction\":[{\"@type\":\"SearchAction\",\"target\":{\"@type\":\"EntryPoint\",\"urlTemplate\":\"https:\\\/\\\/visandgo.com\\\/?s={search_term_string}\"},\"query-input\":{\"@type\":\"PropertyValueSpecification\",\"valueRequired\":true,\"valueName\":\"search_term_string\"}}],\"inLanguage\":\"en-US\"},{\"@type\":\"Organization\",\"@id\":\"https:\\\/\\\/visandgo.com\\\/#organization\",\"name\":\"Visa and Go\",\"url\":\"https:\\\/\\\/visandgo.com\\\/\",\"logo\":{\"@type\":\"ImageObject\",\"inLanguage\":\"en-US\",\"@id\":\"https:\\\/\\\/visandgo.com\\\/#\\\/schema\\\/logo\\\/image\\\/\",\"url\":\"https:\\\/\\\/visandgo.com\\\/wp-content\\\/uploads\\\/2021\\\/04\\\/Orange.png\",\"contentUrl\":\"https:\\\/\\\/visandgo.com\\\/wp-content\\\/uploads\\\/2021\\\/04\\\/Orange.png\",\"width\":740,\"height\":216,\"caption\":\"Visa and Go\"},\"image\":{\"@id\":\"https:\\\/\\\/visandgo.com\\\/#\\\/schema\\\/logo\\\/image\\\/\"}}]}<\/script>\n<!-- \/ Yoast SEO plugin. -->","yoast_head_json":{"title":"Nacionalidad - Francia - Visa and Go","robots":{"index":"index","follow":"follow","max-snippet":"max-snippet:-1","max-image-preview":"max-image-preview:large","max-video-preview":"max-video-preview:-1"},"canonical":"https:\/\/visandgo.com\/en\/nacionalidad-francia\/","og_locale":"en_US","og_type":"article","og_title":"Nacionalidad - Francia - Visa and Go","og_url":"https:\/\/visandgo.com\/en\/nacionalidad-francia\/","og_site_name":"Visa and Go","article_modified_time":"2026-01-09T15:57:50+00:00","twitter_card":"summary_large_image","twitter_misc":{"Est. reading time":"1 minute"},"schema":{"@context":"https:\/\/schema.org","@graph":[{"@type":"WebPage","@id":"https:\/\/visandgo.com\/nacionalidad-francia\/","url":"https:\/\/visandgo.com\/nacionalidad-francia\/","name":"Nacionalidad - Francia - Visa and Go","isPartOf":{"@id":"https:\/\/visandgo.com\/#website"},"datePublished":"2025-08-07T03:10:16+00:00","dateModified":"2026-01-09T15:57:50+00:00","breadcrumb":{"@id":"https:\/\/visandgo.com\/nacionalidad-francia\/#breadcrumb"},"inLanguage":"en-US","potentialAction":[{"@type":"ReadAction","target":["https:\/\/visandgo.com\/nacionalidad-francia\/"]}]},{"@type":"BreadcrumbList","@id":"https:\/\/visandgo.com\/nacionalidad-francia\/#breadcrumb","itemListElement":[{"@type":"ListItem","position":1,"name":"Portada","item":"https:\/\/visandgo.com\/"},{"@type":"ListItem","position":2,"name":"Nacionalidad &#8211; Francia"}]},{"@type":"WebSite","@id":"https:\/\/visandgo.com\/#website","url":"https:\/\/visandgo.com\/","name":"Visa and Go","description":"Soluciones de movilidad Internacional","publisher":{"@id":"https:\/\/visandgo.com\/#organization"},"potentialAction":[{"@type":"SearchAction","target":{"@type":"EntryPoint","urlTemplate":"https:\/\/visandgo.com\/?s={search_term_string}"},"query-input":{"@type":"PropertyValueSpecification","valueRequired":true,"valueName":"search_term_string"}}],"inLanguage":"en-US"},{"@type":"Organization","@id":"https:\/\/visandgo.com\/#organization","name":"Visa and Go","url":"https:\/\/visandgo.com\/","logo":{"@type":"ImageObject","inLanguage":"en-US","@id":"https:\/\/visandgo.com\/#\/schema\/logo\/image\/","url":"https:\/\/visandgo.com\/wp-content\/uploads\/2021\/04\/Orange.png","contentUrl":"https:\/\/visandgo.com\/wp-content\/uploads\/2021\/04\/Orange.png","width":740,"height":216,"caption":"Visa and Go"},"image":{"@id":"https:\/\/visandgo.com\/#\/schema\/logo\/image\/"}}]}},"_links":{"self":[{"href":"https:\/\/visandgo.com\/en\/wp-json\/wp\/v2\/pages\/37268","targetHints":{"allow":["GET"]}}],"collection":[{"href":"https:\/\/visandgo.com\/en\/wp-json\/wp\/v2\/pages"}],"about":[{"href":"https:\/\/visandgo.com\/en\/wp-json\/wp\/v2\/types\/page"}],"author":[{"embeddable":true,"href":"https:\/\/visandgo.com\/en\/wp-json\/wp\/v2\/users\/1574"}],"replies":[{"embeddable":true,"href":"https:\/\/visandgo.com\/en\/wp-json\/wp\/v2\/comments?post=37268"}],"version-history":[{"count":6,"href":"https:\/\/visandgo.com\/en\/wp-json\/wp\/v2\/pages\/37268\/revisions"}],"predecessor-version":[{"id":39142,"href":"https:\/\/visandgo.com\/en\/wp-json\/wp\/v2\/pages\/37268\/revisions\/39142"}],"wp:attachment":[{"href":"https:\/\/visandgo.com\/en\/wp-json\/wp\/v2\/media?parent=37268"}],"curies":[{"name":"wp","href":"https:\/\/api.w.org\/{rel}","templated":true}]}}