{"id":37265,"date":"2025-08-06T23:09:24","date_gmt":"2025-08-07T03:09:24","guid":{"rendered":"https:\/\/visandgo.com\/?page_id=37265"},"modified":"2026-01-09T12:58:10","modified_gmt":"2026-01-09T15:58:10","slug":"nacionalidad-alemania","status":"publish","type":"page","link":"https:\/\/visandgo.com\/en\/nacionalidad-alemania\/","title":{"rendered":"German Citizenship"},"content":{"rendered":"<section class=\"section\" id=\"section_1178907284\">\n\t\t<div class=\"section-bg fill\" >\n\t\t\t\t\t\t\t\t\t\n\t\t\t\n\n\t\t<\/div>\n\n\t\t\n\n\t\t<div class=\"section-content relative\">\n\t\t\t\n  <div id=\"page-header-386371428\" class=\"page-header-wrapper\">\n  <div class=\"page-title light simple-title\">\n\n    \n    <div class=\"page-title-inner container align-center flex-row medium-flex-wrap\" >\n              <div class=\"title-wrapper flex-col text-left medium-text-center\">\n          <h1 class=\"entry-title mb-0\">\n            German Citizenship          <\/h1>\n        <\/div>\n                    <div class=\"title-content flex-col flex-right text-right medium-text-center\">\n              <\/div>\n    <\/div>\n\n       <\/div>\n    <\/div>\n  \n\t<div id=\"gap-819825505\" class=\"gap-element clearfix\" style=\"display:block; height:auto;\">\n\t\t\n<style>\n#gap-819825505 {\n  padding-top: 30px;\n}\n<\/style>\n\t<\/div>\n\t\n<div class=\"row row-full-width align-middle align-center\"  id=\"row-2060348028\">\n\n\t<div id=\"col-1282666141\" class=\"col rounded-visaba medium-5 small-12 large-3\"  data-animate=\"bounceInLeft\">\n\t\t\t\t<div class=\"col-inner\"  >\n\t\t\t\n\t\t\t\n\n  <div class=\"banner has-hover bg-overlay-remove\" id=\"banner-1138043279\">\n          <div class=\"banner-inner fill\">\n        <div class=\"banner-bg fill\" >\n            <img loading=\"lazy\" decoding=\"async\" width=\"2560\" height=\"1707\" src=\"https:\/\/visandgo.com\/wp-content\/uploads\/2025\/05\/ALEMANIA-1-scaled.webp\" class=\"bg attachment-original size-original\" alt=\"\" \/>                        <div class=\"overlay\"><\/div>            \n                    <\/div>\n\t\t\n        <div class=\"banner-layers container\">\n            <div class=\"fill banner-link\"><\/div>            \n   <div id=\"text-box-1716958232\" class=\"text-box banner-layer x50 md-x50 lg-x50 y50 md-y50 lg-y50 res-text\">\n                     <div data-animate=\"blurIn\">           <div class=\"text-box-content text dark text-shadow-2\">\n              \n              <div class=\"text-inner text-center\">\n                  \n\t<div id=\"text-3801192003\" class=\"text\">\n\t\t\n<h3><strong>Germany<\/strong><\/h3>\n\t\t\n<style>\n#text-3801192003 {\n  font-size: 2rem;\n  text-align: center;\n  color: rgb(255,255,255);\n}\n#text-3801192003 > * {\n  color: rgb(255,255,255);\n}\n@media (min-width:550px) {\n  #text-3801192003 {\n    font-size: 2rem;\n  }\n}\n@media (min-width:850px) {\n  #text-3801192003 {\n    font-size: 2.2rem;\n    text-align: center;\n  }\n}\n<\/style>\n\t<\/div>\n\t\n              <\/div>\n           <\/div>\n       <\/div>                     \n<style>\n#text-box-1716958232 {\n  width: 93%;\n}\n#text-box-1716958232 .text-box-content {\n  font-size: 100%;\n}\n@media (min-width:550px) {\n  #text-box-1716958232 {\n    width: 81%;\n  }\n}\n@media (min-width:850px) {\n  #text-box-1716958232 {\n    width: 97%;\n  }\n}\n<\/style>\n    <\/div>\n \n        <\/div>\n      <\/div>\n\n            \n<style>\n#banner-1138043279 {\n  padding-top: 338px;\n}\n#banner-1138043279 .overlay {\n  background-color: rgba(0, 0, 0, 0.041);\n}\n#banner-1138043279 .banner-bg img {\n  object-position: 28% 38%;\n}\n@media (min-width:550px) {\n  #banner-1138043279 {\n    padding-top: 371px;\n  }\n  #banner-1138043279 .overlay {\n    background-color: rgba(21, 80, 131, 0.372);\n  }\n}\n@media (min-width:850px) {\n  #banner-1138043279 {\n    padding-top: 368px;\n  }\n}\n<\/style>\n  <\/div>\n\n\n\t\t<\/div>\n\t\t\t\t\n<style>\n#col-1282666141 > .col-inner {\n  margin: 0px 0px 0px 0px;\n}\n@media (min-width:850px) {\n  #col-1282666141 > .col-inner {\n    margin: 20px 0px 0px 0px;\n  }\n}\n<\/style>\n\t<\/div>\n\n\t\n\n\t<div id=\"col-1784386929\" class=\"col hide-for-medium medium-1 small-12 large-1\"  >\n\t\t\t\t<div class=\"col-inner\"  >\n\t\t\t\n\t\t\t\n<div class=\"text-center\"><div class=\"is-divider divider clearfix\" style=\"max-width:2px;height:350px;background-color:rgb(0, 0, 0);\"><\/div><\/div>\n\t\t<\/div>\n\t\t\t\t\t<\/div>\n\n\t\n\n\t<div id=\"col-366556069\" class=\"col medium-6 small-12 large-4\"  data-animate=\"fadeInRight\">\n\t\t\t\t<div class=\"col-inner\"  >\n\t\t\t\n\t\t\t\n<h3>Descendencia:<\/h3>\n<p>This service is designed for descendants of German citizens who qualify under current\nGerman nationality law. These laws vary depending on factors such as the date of\nemigration, marital status, and gender of the German ancestor.<\/p>\n<p>Based on your individual case, we will determine whether you are eligible to apply for\ncitizenship. Our service covers everything\u2014from preparing the admissibility form for the\nGerman consulate to compiling and submitting the complete application file.<\/p>\n<h3>For Minors<\/h3>\n<p><span style=\"font-weight: 400;\">Este servicio est\u00e1 orientado a quienes tengan la nacionalidad alemana y sean padres de un menor de edad. Siempre se podr\u00e1 tramitar la nacionalizaci\u00f3n del menor, pero si el padre o madre alem\u00e1n nacieron despu\u00e9s del 31\/12\/1999 se tendr\u00e1 solo un a\u00f1o desde el nacimiento del hijo para tramitar su nacionalizaci\u00f3n.<\/span><\/p>\n\t\t<\/div>\n\t\t\t\t\t<\/div>\n\n\t\n<\/div>\n\t\t<\/div>\n\n\t\t\n<style>\n#section_1178907284 {\n  padding-top: 30px;\n  padding-bottom: 30px;\n}\n<\/style>\n\t<\/section>\n\t\n\n\t<section class=\"section\" id=\"section_1749737626\">\n\t\t<div class=\"section-bg fill\" >\n\t\t\t\t\t\t\t\t\t\n\t\t\t\n\n\t\t<\/div>\n\n\t\t\n\n\t\t<div class=\"section-content relative\">\n\t\t\t\n<div class=\"row row-full-width align-middle align-center\"  id=\"row-1667639770\">\n\n\t<div id=\"col-1047110228\" class=\"col medium-7 small-12 large-6\"  >\n\t\t\t\t<div class=\"col-inner\"  >\n\t\t\t\n\t\t\t\n\t<div id=\"text-1177348063\" class=\"text\">\n\t\t\n<h3><strong>\u00bfLO VEMOS JUNTOS?<\/strong><\/h3>\n\t\t\n<style>\n#text-1177348063 {\n  font-size: 2.05rem;\n  text-align: center;\n  color: #f8b801;\n}\n#text-1177348063 > * {\n  color: #f8b801;\n}\n@media (min-width:550px) {\n  #text-1177348063 {\n    font-size: 2.15rem;\n  }\n}\n@media (min-width:850px) {\n  #text-1177348063 {\n    font-size: 3.15rem;\n  }\n}\n<\/style>\n\t<\/div>\n\t\n\t\t<\/div>\n\t\t\t\t\t<\/div>\n\n\t\n\n\t<div id=\"col-1089090926\" class=\"col medium-4 small-12 large-4\"  >\n\t\t\t\t<div class=\"col-inner text-left\"  >\n\t\t\t\n\t\t\t\n<a href=\"https:\/\/visandgo.com\/en\/agendar-paso-dos\/\" class=\"button primary is-xlarge buttonverde hide-for-small\" style=\"border-radius:10px;padding:0px 60px 0px 60px;\">\n\t\t<span>CONSULTA Y AGENDA<\/span>\n\t<\/a>\n\n<a href=\"https:\/\/visandgo.com\/en\/agendar-paso-dos\/\" class=\"button primary is-larger buttonverde show-for-small\" style=\"border-radius:10px;padding:0px 60px 0px 60px;\">\n\t\t<span>CONSULTA Y AGENDA<\/span>\n\t<\/a>\n\n\t\t<\/div>\n\t\t\t\t\t<\/div>\n\n\t\n<\/div>\n\t\t<\/div>\n\n\t\t\n<style>\n#section_1749737626 {\n  padding-top: 10px;\n  padding-bottom: 10px;\n}\n@media (min-width:550px) {\n  #section_1749737626 {\n    padding-top: 30px;\n    padding-bottom: 30px;\n  }\n}\n<\/style>\n\t<\/section>","protected":false},"excerpt":{"rendered":"","protected":false},"author":1574,"featured_media":0,"parent":0,"menu_order":0,"comment_status":"closed","ping_status":"closed","template":"page-blank.php","meta":{"footnotes":""},"class_list":["post-37265","page","type-page","status-publish","hentry"],"yoast_head":"<!-- This site is optimized with the Yoast SEO plugin v27.4 - https:\/\/yoast.com\/product\/yoast-seo-wordpress\/ -->\n<title>Nacionalidad - Alemania - Visa and Go<\/title>\n<meta name=\"robots\" content=\"index, follow, max-snippet:-1, max-image-preview:large, max-video-preview:-1\" \/>\n<link rel=\"canonical\" href=\"https:\/\/visandgo.com\/en\/nacionalidad-alemania\/\" \/>\n<meta property=\"og:locale\" content=\"en_US\" \/>\n<meta property=\"og:type\" content=\"article\" \/>\n<meta property=\"og:title\" content=\"Nacionalidad - Alemania - Visa and Go\" \/>\n<meta property=\"og:url\" content=\"https:\/\/visandgo.com\/en\/nacionalidad-alemania\/\" \/>\n<meta property=\"og:site_name\" content=\"Visa and Go\" \/>\n<meta property=\"article:modified_time\" content=\"2026-01-09T15:58:10+00:00\" \/>\n<meta name=\"twitter:card\" content=\"summary_large_image\" \/>\n<meta name=\"twitter:label1\" content=\"Est. reading time\" \/>\n\t<meta name=\"twitter:data1\" content=\"2 minutes\" \/>\n<script type=\"application\/ld+json\" class=\"yoast-schema-graph\">{\"@context\":\"https:\\\/\\\/schema.org\",\"@graph\":[{\"@type\":\"WebPage\",\"@id\":\"https:\\\/\\\/visandgo.com\\\/nacionalidad-alemania\\\/\",\"url\":\"https:\\\/\\\/visandgo.com\\\/nacionalidad-alemania\\\/\",\"name\":\"Nacionalidad - Alemania - Visa and Go\",\"isPartOf\":{\"@id\":\"https:\\\/\\\/visandgo.com\\\/#website\"},\"datePublished\":\"2025-08-07T03:09:24+00:00\",\"dateModified\":\"2026-01-09T15:58:10+00:00\",\"breadcrumb\":{\"@id\":\"https:\\\/\\\/visandgo.com\\\/nacionalidad-alemania\\\/#breadcrumb\"},\"inLanguage\":\"en-US\",\"potentialAction\":[{\"@type\":\"ReadAction\",\"target\":[\"https:\\\/\\\/visandgo.com\\\/nacionalidad-alemania\\\/\"]}]},{\"@type\":\"BreadcrumbList\",\"@id\":\"https:\\\/\\\/visandgo.com\\\/nacionalidad-alemania\\\/#breadcrumb\",\"itemListElement\":[{\"@type\":\"ListItem\",\"position\":1,\"name\":\"Portada\",\"item\":\"https:\\\/\\\/visandgo.com\\\/\"},{\"@type\":\"ListItem\",\"position\":2,\"name\":\"Nacionalidad &#8211; Alemania\"}]},{\"@type\":\"WebSite\",\"@id\":\"https:\\\/\\\/visandgo.com\\\/#website\",\"url\":\"https:\\\/\\\/visandgo.com\\\/\",\"name\":\"Visa and Go\",\"description\":\"Soluciones de movilidad Internacional\",\"publisher\":{\"@id\":\"https:\\\/\\\/visandgo.com\\\/#organization\"},\"potentialAction\":[{\"@type\":\"SearchAction\",\"target\":{\"@type\":\"EntryPoint\",\"urlTemplate\":\"https:\\\/\\\/visandgo.com\\\/?s={search_term_string}\"},\"query-input\":{\"@type\":\"PropertyValueSpecification\",\"valueRequired\":true,\"valueName\":\"search_term_string\"}}],\"inLanguage\":\"en-US\"},{\"@type\":\"Organization\",\"@id\":\"https:\\\/\\\/visandgo.com\\\/#organization\",\"name\":\"Visa and Go\",\"url\":\"https:\\\/\\\/visandgo.com\\\/\",\"logo\":{\"@type\":\"ImageObject\",\"inLanguage\":\"en-US\",\"@id\":\"https:\\\/\\\/visandgo.com\\\/#\\\/schema\\\/logo\\\/image\\\/\",\"url\":\"https:\\\/\\\/visandgo.com\\\/wp-content\\\/uploads\\\/2021\\\/04\\\/Orange.png\",\"contentUrl\":\"https:\\\/\\\/visandgo.com\\\/wp-content\\\/uploads\\\/2021\\\/04\\\/Orange.png\",\"width\":740,\"height\":216,\"caption\":\"Visa and Go\"},\"image\":{\"@id\":\"https:\\\/\\\/visandgo.com\\\/#\\\/schema\\\/logo\\\/image\\\/\"}}]}<\/script>\n<!-- \/ Yoast SEO plugin. -->","yoast_head_json":{"title":"Nacionalidad - Alemania - Visa and Go","robots":{"index":"index","follow":"follow","max-snippet":"max-snippet:-1","max-image-preview":"max-image-preview:large","max-video-preview":"max-video-preview:-1"},"canonical":"https:\/\/visandgo.com\/en\/nacionalidad-alemania\/","og_locale":"en_US","og_type":"article","og_title":"Nacionalidad - Alemania - Visa and Go","og_url":"https:\/\/visandgo.com\/en\/nacionalidad-alemania\/","og_site_name":"Visa and Go","article_modified_time":"2026-01-09T15:58:10+00:00","twitter_card":"summary_large_image","twitter_misc":{"Est. reading time":"2 minutes"},"schema":{"@context":"https:\/\/schema.org","@graph":[{"@type":"WebPage","@id":"https:\/\/visandgo.com\/nacionalidad-alemania\/","url":"https:\/\/visandgo.com\/nacionalidad-alemania\/","name":"Nacionalidad - Alemania - Visa and Go","isPartOf":{"@id":"https:\/\/visandgo.com\/#website"},"datePublished":"2025-08-07T03:09:24+00:00","dateModified":"2026-01-09T15:58:10+00:00","breadcrumb":{"@id":"https:\/\/visandgo.com\/nacionalidad-alemania\/#breadcrumb"},"inLanguage":"en-US","potentialAction":[{"@type":"ReadAction","target":["https:\/\/visandgo.com\/nacionalidad-alemania\/"]}]},{"@type":"BreadcrumbList","@id":"https:\/\/visandgo.com\/nacionalidad-alemania\/#breadcrumb","itemListElement":[{"@type":"ListItem","position":1,"name":"Portada","item":"https:\/\/visandgo.com\/"},{"@type":"ListItem","position":2,"name":"Nacionalidad &#8211; Alemania"}]},{"@type":"WebSite","@id":"https:\/\/visandgo.com\/#website","url":"https:\/\/visandgo.com\/","name":"Visa and Go","description":"Soluciones de movilidad Internacional","publisher":{"@id":"https:\/\/visandgo.com\/#organization"},"potentialAction":[{"@type":"SearchAction","target":{"@type":"EntryPoint","urlTemplate":"https:\/\/visandgo.com\/?s={search_term_string}"},"query-input":{"@type":"PropertyValueSpecification","valueRequired":true,"valueName":"search_term_string"}}],"inLanguage":"en-US"},{"@type":"Organization","@id":"https:\/\/visandgo.com\/#organization","name":"Visa and Go","url":"https:\/\/visandgo.com\/","logo":{"@type":"ImageObject","inLanguage":"en-US","@id":"https:\/\/visandgo.com\/#\/schema\/logo\/image\/","url":"https:\/\/visandgo.com\/wp-content\/uploads\/2021\/04\/Orange.png","contentUrl":"https:\/\/visandgo.com\/wp-content\/uploads\/2021\/04\/Orange.png","width":740,"height":216,"caption":"Visa and Go"},"image":{"@id":"https:\/\/visandgo.com\/#\/schema\/logo\/image\/"}}]}},"_links":{"self":[{"href":"https:\/\/visandgo.com\/en\/wp-json\/wp\/v2\/pages\/37265","targetHints":{"allow":["GET"]}}],"collection":[{"href":"https:\/\/visandgo.com\/en\/wp-json\/wp\/v2\/pages"}],"about":[{"href":"https:\/\/visandgo.com\/en\/wp-json\/wp\/v2\/types\/page"}],"author":[{"embeddable":true,"href":"https:\/\/visandgo.com\/en\/wp-json\/wp\/v2\/users\/1574"}],"replies":[{"embeddable":true,"href":"https:\/\/visandgo.com\/en\/wp-json\/wp\/v2\/comments?post=37265"}],"version-history":[{"count":7,"href":"https:\/\/visandgo.com\/en\/wp-json\/wp\/v2\/pages\/37265\/revisions"}],"predecessor-version":[{"id":39143,"href":"https:\/\/visandgo.com\/en\/wp-json\/wp\/v2\/pages\/37265\/revisions\/39143"}],"wp:attachment":[{"href":"https:\/\/visandgo.com\/en\/wp-json\/wp\/v2\/media?parent=37265"}],"curies":[{"name":"wp","href":"https:\/\/api.w.org\/{rel}","templated":true}]}}